{"id":2,"date":"2023-08-23T20:39:07","date_gmt":"2023-08-23T20:39:07","guid":{"rendered":"https:\/\/excelautomotriz.com\/el-salvador\/?page_id=2"},"modified":"2023-10-18T22:05:18","modified_gmt":"2023-10-18T22:05:18","slug":"sample-page","status":"publish","type":"page","link":"https:\/\/excelautomotriz.com\/el-salvador\/sample-page\/","title":{"rendered":"POL\u00cdTICA DE PRIVACIDAD Y TRATAMIENTO DE DATOS PERSONALES EXCEL AUTOMOTRIZ"},"content":{"rendered":"\n<p>Excel Automotriz se compromete a proteger los datos personales de sus clientes, proveedores, colaboradores y terceros (\u201cTitulares de Datos Personales\u201d o \u201cTitulares\u201d) a los que tenga acceso en el desarrollo o con motivo de su actividad comercial. En la presente Pol\u00edtica de privacidad y tratamiento de datos personales (\u201cPol\u00edtica de Privacidad\u201d) se describe la forma en la que Excel Automotriz obtiene, utiliza, organiza, protege y comparte sus datos personales captados a trav\u00e9s de este sitio (\u201cTratamiento de sus Datos Personales\u201d), y comprende los siguientes aspectos:<\/p>\n\n\n\n<p><strong>Identificaci\u00f3n de la entidad responsable del Tratamiento de sus Datos Personales<\/strong><\/p>\n\n\n\n<p>Datos personales obtenidos por Excel Automotriz<br>Finalidad del Tratamiento de sus Datos Personales<br>Tratamiento al que se someten sus datos personales<br>Enlaces a otros sitios web<\/p>\n\n\n\n<p><strong>Identificaci\u00f3n de la entidad responsable del Tratamiento de sus Datos Personales<\/strong><\/p>\n\n\n\n<p>Denominaci\u00f3n social: Distribuidora de Autom\u00f3viles, S.A. de C.V<br>Domicilio: San Salvador, El Salvador.<br>Direcci\u00f3n: Av. Luis Poma y alameda Juan Pablo II, frente a Metro Sur, San Salvador<br>Tel\u00e9fono: (503) 2257-1133<br>Correo electr\u00f3nico: rmortiza@excelautomotriz.com<\/p>\n\n\n\n<p><\/p>\n\n\n\n<p><strong>Datos personales obtenidos por Excel Automotriz<\/strong><\/p>\n\n\n\n<p>Excel Automotriz puede obtener o acceder a la siguiente informaci\u00f3n:<\/p>\n\n\n\n<p>Nombre<br>Tel\u00e9fono<br>Correo Electr\u00f3nico<br>N\u00famero de Documento de Identidad<br>Direcci\u00f3n<br>Usuario de aplicaci\u00f3n.<br>Usuario de Facebook (cuando conecte su cuenta de Facebook al usuario)<br>Fecha de nacimiento<br>Sexo<br>Fuentes de Ingreso<br>Pa\u00eds desde donde el usuario consulta la p\u00e1gina web.<br>Cualquier otra informaci\u00f3n necesaria para cumplir con la finalidad establecida en el apartado 3 de esta pol\u00edtica de privacidad.<\/p>\n\n\n\n<p><strong>Finalidad del Tratamiento de sus Datos Personales<\/strong><\/p>\n\n\n\n<p>Sus datos personales son obtenidos por Excel Automotriz para ofrecerle un mejor servicio que responda de mejor manera a sus necesidades, por ejemplo, para brindarle informaci\u00f3n personalizada sobre los servicios que ha contratado o desee contratar con nosotros, como estados de cuenta, cr\u00e9ditos aprobados, cotizaciones, planes de pago y promociones.\u00a0 Asimismo, podemos utilizar sus datos para comunicarnos con usted y proporcionarle informaci\u00f3n sobre nuestros servicios.<\/p>\n\n\n\n<p><strong>Tratamiento al que se someten sus datos personales<\/strong><\/p>\n\n\n\n<p>El tratamiento que Excel Automotriz brinda a sus datos personales se ejerce de conformidad con las finalidades detalladas en el apartado anterior, y est\u00e1 regido por los principios de veracidad, transparencia, seguridad, acceso, confidencialidad y legalidad en materia de tratamiento y protecci\u00f3n de datos personales. En este sentido, Excel Automotriz declara:<\/p>\n\n\n\n<p>Que no difundir\u00e1, compartir\u00e1 o divulgar\u00e1 los datos personales que nos ha proporcionado, manteni\u00e9ndolos en todo momento bajo la m\u00e1s estricta confidencialidad.<br>No obstante, Excel Automotriz declara que puede compartir sus datos personales con las empresas que conforman Grupo Excel Automotriz en Centroam\u00e9rica y Colombia y con sus filiales y subsidiarias, proveedores y agentes financieros siempre para cumplir con la finalidad establecida en esta Pol\u00edtica de privacidad.<\/p>\n\n\n\n<p>Que cuenta con las medidas de seguridad t\u00e9cnicas y organizativas necesarias para garantizar la protecci\u00f3n de sus datos personales e impedir su adulteraci\u00f3n, p\u00e9rdida, uso o acceso no autorizado o fraudulento. En este sentido, Excel Automotriz cumple con los est\u00e1ndares generalmente aceptados de seguridad para proteger sus datos personales durante su transmisi\u00f3n, recepci\u00f3n y almacenamiento.<br>Que sus datos personales ser\u00e1n utilizados \u00fanica y exclusivamente para los fines establecidos en el apartado 3 de esta Pol\u00edtica de privacidad, por lo que Excel Automotriz no utilizar\u00e1 sus datos personales con el fin de comercializarlos, distribuirlos o cederlos a terceros, salvo expresa autorizaci\u00f3n del Titular de los Datos Personales y solo cuando sea necesario para el correcto desarrollo de nuestra actividad comercial.<\/p>\n\n\n\n<p><strong>Enlaces a otros sitios web<\/strong><\/p>\n\n\n\n<p>Para mejorar la experiencia del usuario, el sitio puede contener enlaces a otras p\u00e1ginas o sitios web que est\u00e1n fuera de nuestro control. Excel Automotriz no se hace responsable por el tratamiento de que sean objeto sus datos personales una vez que haya accedido a estos enlaces para salir de nuestro sitio web.\u00a0<\/p>\n\n\n\n<p><strong>Control de sus datos personales<\/strong><\/p>\n\n\n\n<p>Puede ver, modificar, actualizar, editar o eliminar en cualquier momento los datos personales que ha facilitado a Excel Automotriz a trav\u00e9s del sitio.<\/p>\n\n\n\n<p>Asimismo, puede obtener un detalle de los datos personales que Excel Automotriz tiene sobre su persona, y solicitar su actualizaci\u00f3n, rectificaci\u00f3n o supresi\u00f3n de nuestras bases de datos, comunic\u00e1ndose con nosotros por medio de los datos de contacto establecidos en el apartado 1 de esta Pol\u00edtica de privacidad.<\/p>\n\n\n\n<p><strong>Derechos de los Titulares de Datos Personales<\/strong><\/p>\n\n\n\n<p>Los Titulares de los Datos Personales podr\u00e1n hacer valer ante Excel Automotriz todos los derechos relacionados con la protecci\u00f3n de los datos personales establecidos en la ley y normativa aplicable a esta materia.<\/p>\n","protected":false},"excerpt":{"rendered":"<p>Excel Automotriz se compromete a proteger los datos personales de sus clientes, proveedores, colaboradores y terceros (\u201cTitulares de Datos Personales\u201d o \u201cTitulares\u201d) a los que tenga acceso en el desarrollo o con motivo de su actividad comercial. En la presente Pol\u00edtica de privacidad y tratamiento de datos personales (\u201cPol\u00edtica de Privacidad\u201d) se describe la forma [&hellip;]<\/p>\n","protected":false},"author":1,"featured_media":0,"parent":0,"menu_order":0,"comment_status":"closed","ping_status":"open","template":"single-tos.php","meta":{"_acf_changed":false,"footnotes":""},"class_list":["post-2","page","type-page","status-publish","hentry"],"acf":[],"_links":{"self":[{"href":"https:\/\/excelautomotriz.com\/el-salvador\/wp-json\/wp\/v2\/pages\/2","targetHints":{"allow":["GET"]}}],"collection":[{"href":"https:\/\/excelautomotriz.com\/el-salvador\/wp-json\/wp\/v2\/pages"}],"about":[{"href":"https:\/\/excelautomotriz.com\/el-salvador\/wp-json\/wp\/v2\/types\/page"}],"author":[{"embeddable":true,"href":"https:\/\/excelautomotriz.com\/el-salvador\/wp-json\/wp\/v2\/users\/1"}],"replies":[{"embeddable":true,"href":"https:\/\/excelautomotriz.com\/el-salvador\/wp-json\/wp\/v2\/comments?post=2"}],"version-history":[{"count":20,"href":"https:\/\/excelautomotriz.com\/el-salvador\/wp-json\/wp\/v2\/pages\/2\/revisions"}],"predecessor-version":[{"id":59,"href":"https:\/\/excelautomotriz.com\/el-salvador\/wp-json\/wp\/v2\/pages\/2\/revisions\/59"}],"wp:attachment":[{"href":"https:\/\/excelautomotriz.com\/el-salvador\/wp-json\/wp\/v2\/media?parent=2"}],"curies":[{"name":"wp","href":"https:\/\/api.w.org\/{rel}","templated":true}]}}